{"id":26,"date":"2013-02-19T18:54:38","date_gmt":"2013-02-19T17:54:38","guid":{"rendered":"https:\/\/www.landsbygdspartiet.se\/uppsala\/?page_id=26"},"modified":"2022-08-17T20:59:17","modified_gmt":"2022-08-17T18:59:17","slug":"var-vision","status":"publish","type":"page","link":"https:\/\/landsbygdspartiet.org\/uppsala\/var-vision\/","title":{"rendered":"V\u00e5r vision"},"content":{"rendered":"\t\t<div data-elementor-type=\"wp-page\" data-elementor-id=\"26\" class=\"elementor elementor-26\">\n\t\t\t\t\t\t<section class=\"elementor-section elementor-top-section elementor-element elementor-element-6fa8ac4c elementor-section-boxed elementor-section-height-default elementor-section-height-default\" data-id=\"6fa8ac4c\" data-element_type=\"section\" data-e-type=\"section\">\n\t\t\t\t\t\t<div class=\"elementor-container elementor-column-gap-default\">\n\t\t\t\t\t<div class=\"elementor-column elementor-col-100 elementor-top-column elementor-element elementor-element-52854469\" data-id=\"52854469\" data-element_type=\"column\" data-e-type=\"column\">\n\t\t\t<div class=\"elementor-widget-wrap elementor-element-populated\">\n\t\t\t\t\t\t<div class=\"elementor-element elementor-element-dfa23f3 elementor-widget elementor-widget-text-editor\" data-id=\"dfa23f3\" data-element_type=\"widget\" data-e-type=\"widget\" data-widget_type=\"text-editor.default\">\n\t\t\t\t<div class=\"elementor-widget-container\">\n\t\t\t\t\t\t\t\t\t<p>Landsbygdspartiet oberoende skall verka f\u00f6r en fortsatt levande landsbygd i v\u00e5r kommun. Uppsala kommun har nyligen passerat 237 000 inv\u00e5nare (31\/12 2021) och \u00e4r Sveriges fj\u00e4rde st\u00f6rsta kommun, men som landsbygdskommun \u00e4r vi rikets st\u00f6rsta. ca 54000 bor utanf\u00f6r Uppsala t\u00e4tort ( UA Kommun statistik 2021)<\/p>\n<p>Det politiska styret har under en l\u00e5ng f\u00f6ljd av \u00e5r prioriterat stadens utveckling framf\u00f6r resten av kommunen, detta vill LPo Uppsala f\u00f6r\u00e4ndra. Vi anser att staden i sig har en attraktivitet som lockar b\u00e5de m\u00e4nniskor och f\u00f6retag till sig, medans landsbygden pga eftersatt intresse fr\u00e5n styret i centralorten tappat i attraktionskraft.<\/p>\n<p>Viktigt \u00e4r dock att po\u00e4ngtera att det inte \u00e4r en kamp d\u00e4r det handlar om oss mot stadsborna. \u00d6verraskande m\u00e5nga boende i staden delar v\u00e5r syn p\u00e5 att levande landsbygd \u00e4r viktigt och visar f\u00f6rst\u00e5else f\u00f6r problematiken. En del av problemen har vi redan id\u00e9er och l\u00f6sningar p\u00e5, men eftersom vi bara funnits sedan 19e dec 2012 s\u00e5 finns det m\u00e5nga fr\u00e5gor och svar kvar att arbeta fram. Men i det stora hela handlar det om att st\u00e4rka och bevara grundtrygghet och basservice, detta \u00e4r viktiga ledord f\u00f6r oss!<\/p>\n<p>Vidare s\u00e5 \u00e4r vi stolta, glada pionj\u00e4rer i och med att vi var en av dom f\u00f6rsta kommunavdelningen som bildats i v\u00e5rt unga parti. Vi ska med \u00e4rlighet, \u00f6ppenhet och konstruktivitet driva viktiga landsbygdsfr\u00e5gor i LPo\u2019s namn, f\u00f6rhoppningsvis som en sporre f\u00f6r fler runt om i landet att starta upp LPo i sitt n\u00e4romr\u00e5de. V\u00e5r f\u00f6rhoppning \u00e4r att v\u00e5r start h\u00e4r i Uppsala kommun, ska leda till att fler f\u00e5r upp \u00f6gonen f\u00f6r v\u00e5rt eminenta parti i s\u00e5v\u00e4l Uppsala l\u00e4n som grannkommunerna och att det d\u00e4rmed startas LPo-grupper med satsning mot valet 2022<\/p>\n<p>Viktigt \u00e4r att l\u00e4net f\u00e5r ig\u00e5ng en LPo-organisation, d\u00e5 m\u00e5nga fr\u00e5gor v\u00e4vs ihop med kommunen, eller enbart beslutas av landstingen. Vi har bla kollektivtrafik, v\u00e5rdcentraler, gynna sm\u00e5 lokala f\u00f6retagare, lokal rovviltsf\u00f6rvaltning&nbsp; mm som beh\u00f6ver LPo-p\u00e5verkan. Det finns mycket att skriva om och v\u00e5ra visioner och m\u00e5l kommer uppdateras efter hand n\u00e4r vi blir varmare i kl\u00e4derna, samtidigt jobbar vi alla id\u00e9ellt med detta och v\u00e5r tid, kraft och kunskap \u00e4r begr\u00e4nsad. S\u00e5 alla ni som k\u00e4nner att ni hittat hem i partiet, tveka inte, utan visa ert intresse och dela detta roliga arbete med oss. Tillsammans bygger vi fram en agenda f\u00f6r landsbygdens b\u00e4sta under ledorden grundtrygghet och basservice!<\/p>\n<p><\/p>\t\t\t\t\t\t\t\t<\/div>\n\t\t\t\t<\/div>\n\t\t\t\t\t<\/div>\n\t\t<\/div>\n\t\t\t\t\t<\/div>\n\t\t<\/section>\n\t\t\t\t<\/div>\n\t\t","protected":false},"excerpt":{"rendered":"<p>Landsbygdspartiet oberoende skall verka f\u00f6r en fortsatt levande landsbygd i v\u00e5r kommun. Uppsala kommun har nyligen passerat 237 000 inv\u00e5nare (31\/12 2021) och \u00e4r Sveriges fj\u00e4rde st\u00f6rsta kommun, men som landsbygdskommun \u00e4r vi rikets st\u00f6rsta. ca 54000 bor utanf\u00f6r Uppsala t\u00e4tort ( UA Kommun statistik 2021) Det politiska styret har under en l\u00e5ng f\u00f6ljd av [&hellip;]<\/p>\n","protected":false},"author":1,"featured_media":0,"parent":0,"menu_order":0,"comment_status":"closed","ping_status":"open","template":"","meta":{"_monsterinsights_skip_tracking":false,"_monsterinsights_sitenote_active":false,"_monsterinsights_sitenote_note":"","_monsterinsights_sitenote_category":0,"site-sidebar-layout":"default","site-content-layout":"","ast-site-content-layout":"default","site-content-style":"default","site-sidebar-style":"default","ast-global-header-display":"","ast-banner-title-visibility":"","ast-main-header-display":"","ast-hfb-above-header-display":"","ast-hfb-below-header-display":"","ast-hfb-mobile-header-display":"","site-post-title":"","ast-breadcrumbs-content":"","ast-featured-img":"","footer-sml-layout":"","ast-disable-related-posts":"","theme-transparent-header-meta":"","adv-header-id-meta":"","stick-header-meta":"","header-above-stick-meta":"","header-main-stick-meta":"","header-below-stick-meta":"","astra-migrate-meta-layouts":"default","ast-page-background-enabled":"default","ast-page-background-meta":{"desktop":{"background-color":"var(--ast-global-color-4)","background-image":"","background-repeat":"repeat","background-position":"center center","background-size":"auto","background-attachment":"scroll","background-type":"","background-media":"","overlay-type":"","overlay-color":"","overlay-opacity":"","overlay-gradient":""},"tablet":{"background-color":"","background-image":"","background-repeat":"repeat","background-position":"center center","background-size":"auto","background-attachment":"scroll","background-type":"","background-media":"","overlay-type":"","overlay-color":"","overlay-opacity":"","overlay-gradient":""},"mobile":{"background-color":"","background-image":"","background-repeat":"repeat","background-position":"center center","background-size":"auto","background-attachment":"scroll","background-type":"","background-media":"","overlay-type":"","overlay-color":"","overlay-opacity":"","overlay-gradient":""}},"ast-content-background-meta":{"desktop":{"background-color":"var(--ast-global-color-5)","background-image":"","background-repeat":"repeat","background-position":"center center","background-size":"auto","background-attachment":"scroll","background-type":"","background-media":"","overlay-type":"","overlay-color":"","overlay-opacity":"","overlay-gradient":""},"tablet":{"background-color":"var(--ast-global-color-5)","background-image":"","background-repeat":"repeat","background-position":"center center","background-size":"auto","background-attachment":"scroll","background-type":"","background-media":"","overlay-type":"","overlay-color":"","overlay-opacity":"","overlay-gradient":""},"mobile":{"background-color":"var(--ast-global-color-5)","background-image":"","background-repeat":"repeat","background-position":"center center","background-size":"auto","background-attachment":"scroll","background-type":"","background-media":"","overlay-type":"","overlay-color":"","overlay-opacity":"","overlay-gradient":""}},"footnotes":""},"class_list":["post-26","page","type-page","status-publish","hentry"],"yoast_head":"<!-- This site is optimized with the Yoast SEO plugin v27.4 - https:\/\/yoast.com\/product\/yoast-seo-wordpress\/ -->\n<title>V\u00e5r vision - Landsbygdspartiet oberoende Uppsala<\/title>\n<meta name=\"robots\" content=\"index, follow, max-snippet:-1, max-image-preview:large, max-video-preview:-1\" \/>\n<link rel=\"canonical\" href=\"https:\/\/landsbygdspartiet.org\/uppsala\/var-vision\/\" \/>\n<meta property=\"og:locale\" content=\"sv_SE\" \/>\n<meta property=\"og:type\" content=\"article\" \/>\n<meta property=\"og:title\" content=\"V\u00e5r vision - Landsbygdspartiet oberoende Uppsala\" \/>\n<meta property=\"og:description\" content=\"Landsbygdspartiet oberoende skall verka f\u00f6r en fortsatt levande landsbygd i v\u00e5r kommun. Uppsala kommun har nyligen passerat 237 000 inv\u00e5nare (31\/12 2021) och \u00e4r Sveriges fj\u00e4rde st\u00f6rsta kommun, men som landsbygdskommun \u00e4r vi rikets st\u00f6rsta. ca 54000 bor utanf\u00f6r Uppsala t\u00e4tort ( UA Kommun statistik 2021) Det politiska styret har under en l\u00e5ng f\u00f6ljd av [&hellip;]\" \/>\n<meta property=\"og:url\" content=\"https:\/\/landsbygdspartiet.org\/uppsala\/var-vision\/\" \/>\n<meta property=\"og:site_name\" content=\"Landsbygdspartiet oberoende Uppsala\" \/>\n<meta property=\"article:modified_time\" content=\"2022-08-17T18:59:17+00:00\" \/>\n<meta name=\"twitter:card\" content=\"summary_large_image\" \/>\n<meta name=\"twitter:label1\" content=\"Ber\u00e4knad l\u00e4stid\" \/>\n\t<meta name=\"twitter:data1\" content=\"2 minuter\" \/>\n<script type=\"application\/ld+json\" class=\"yoast-schema-graph\">{\"@context\":\"https:\\\/\\\/schema.org\",\"@graph\":[{\"@type\":\"WebPage\",\"@id\":\"https:\\\/\\\/landsbygdspartiet.org\\\/uppsala\\\/var-vision\\\/\",\"url\":\"https:\\\/\\\/landsbygdspartiet.org\\\/uppsala\\\/var-vision\\\/\",\"name\":\"V\u00e5r vision - Landsbygdspartiet oberoende Uppsala\",\"isPartOf\":{\"@id\":\"https:\\\/\\\/landsbygdspartiet.org\\\/uppsala\\\/#website\"},\"datePublished\":\"2013-02-19T17:54:38+00:00\",\"dateModified\":\"2022-08-17T18:59:17+00:00\",\"breadcrumb\":{\"@id\":\"https:\\\/\\\/landsbygdspartiet.org\\\/uppsala\\\/var-vision\\\/#breadcrumb\"},\"inLanguage\":\"sv-SE\",\"potentialAction\":[{\"@type\":\"ReadAction\",\"target\":[\"https:\\\/\\\/landsbygdspartiet.org\\\/uppsala\\\/var-vision\\\/\"]}]},{\"@type\":\"BreadcrumbList\",\"@id\":\"https:\\\/\\\/landsbygdspartiet.org\\\/uppsala\\\/var-vision\\\/#breadcrumb\",\"itemListElement\":[{\"@type\":\"ListItem\",\"position\":1,\"name\":\"Hem\",\"item\":\"https:\\\/\\\/landsbygdspartiet.org\\\/uppsala\\\/\"},{\"@type\":\"ListItem\",\"position\":2,\"name\":\"V\u00e5r vision\"}]},{\"@type\":\"WebSite\",\"@id\":\"https:\\\/\\\/landsbygdspartiet.org\\\/uppsala\\\/#website\",\"url\":\"https:\\\/\\\/landsbygdspartiet.org\\\/uppsala\\\/\",\"name\":\"Landsbygdspartiet oberoende Uppsala\",\"description\":\"\u00c4nnu en webbplats hos Mina webbplatser\",\"potentialAction\":[{\"@type\":\"SearchAction\",\"target\":{\"@type\":\"EntryPoint\",\"urlTemplate\":\"https:\\\/\\\/landsbygdspartiet.org\\\/uppsala\\\/?s={search_term_string}\"},\"query-input\":{\"@type\":\"PropertyValueSpecification\",\"valueRequired\":true,\"valueName\":\"search_term_string\"}}],\"inLanguage\":\"sv-SE\"}]}<\/script>\n<!-- \/ Yoast SEO plugin. -->","yoast_head_json":{"title":"V\u00e5r vision - Landsbygdspartiet oberoende Uppsala","robots":{"index":"index","follow":"follow","max-snippet":"max-snippet:-1","max-image-preview":"max-image-preview:large","max-video-preview":"max-video-preview:-1"},"canonical":"https:\/\/landsbygdspartiet.org\/uppsala\/var-vision\/","og_locale":"sv_SE","og_type":"article","og_title":"V\u00e5r vision - Landsbygdspartiet oberoende Uppsala","og_description":"Landsbygdspartiet oberoende skall verka f\u00f6r en fortsatt levande landsbygd i v\u00e5r kommun. Uppsala kommun har nyligen passerat 237 000 inv\u00e5nare (31\/12 2021) och \u00e4r Sveriges fj\u00e4rde st\u00f6rsta kommun, men som landsbygdskommun \u00e4r vi rikets st\u00f6rsta. ca 54000 bor utanf\u00f6r Uppsala t\u00e4tort ( UA Kommun statistik 2021) Det politiska styret har under en l\u00e5ng f\u00f6ljd av [&hellip;]","og_url":"https:\/\/landsbygdspartiet.org\/uppsala\/var-vision\/","og_site_name":"Landsbygdspartiet oberoende Uppsala","article_modified_time":"2022-08-17T18:59:17+00:00","twitter_card":"summary_large_image","twitter_misc":{"Ber\u00e4knad l\u00e4stid":"2 minuter"},"schema":{"@context":"https:\/\/schema.org","@graph":[{"@type":"WebPage","@id":"https:\/\/landsbygdspartiet.org\/uppsala\/var-vision\/","url":"https:\/\/landsbygdspartiet.org\/uppsala\/var-vision\/","name":"V\u00e5r vision - Landsbygdspartiet oberoende Uppsala","isPartOf":{"@id":"https:\/\/landsbygdspartiet.org\/uppsala\/#website"},"datePublished":"2013-02-19T17:54:38+00:00","dateModified":"2022-08-17T18:59:17+00:00","breadcrumb":{"@id":"https:\/\/landsbygdspartiet.org\/uppsala\/var-vision\/#breadcrumb"},"inLanguage":"sv-SE","potentialAction":[{"@type":"ReadAction","target":["https:\/\/landsbygdspartiet.org\/uppsala\/var-vision\/"]}]},{"@type":"BreadcrumbList","@id":"https:\/\/landsbygdspartiet.org\/uppsala\/var-vision\/#breadcrumb","itemListElement":[{"@type":"ListItem","position":1,"name":"Hem","item":"https:\/\/landsbygdspartiet.org\/uppsala\/"},{"@type":"ListItem","position":2,"name":"V\u00e5r vision"}]},{"@type":"WebSite","@id":"https:\/\/landsbygdspartiet.org\/uppsala\/#website","url":"https:\/\/landsbygdspartiet.org\/uppsala\/","name":"Landsbygdspartiet oberoende Uppsala","description":"\u00c4nnu en webbplats hos Mina webbplatser","potentialAction":[{"@type":"SearchAction","target":{"@type":"EntryPoint","urlTemplate":"https:\/\/landsbygdspartiet.org\/uppsala\/?s={search_term_string}"},"query-input":{"@type":"PropertyValueSpecification","valueRequired":true,"valueName":"search_term_string"}}],"inLanguage":"sv-SE"}]}},"_links":{"self":[{"href":"https:\/\/landsbygdspartiet.org\/uppsala\/wp-json\/wp\/v2\/pages\/26","targetHints":{"allow":["GET"]}}],"collection":[{"href":"https:\/\/landsbygdspartiet.org\/uppsala\/wp-json\/wp\/v2\/pages"}],"about":[{"href":"https:\/\/landsbygdspartiet.org\/uppsala\/wp-json\/wp\/v2\/types\/page"}],"author":[{"embeddable":true,"href":"https:\/\/landsbygdspartiet.org\/uppsala\/wp-json\/wp\/v2\/users\/1"}],"replies":[{"embeddable":true,"href":"https:\/\/landsbygdspartiet.org\/uppsala\/wp-json\/wp\/v2\/comments?post=26"}],"version-history":[{"count":6,"href":"https:\/\/landsbygdspartiet.org\/uppsala\/wp-json\/wp\/v2\/pages\/26\/revisions"}],"predecessor-version":[{"id":967,"href":"https:\/\/landsbygdspartiet.org\/uppsala\/wp-json\/wp\/v2\/pages\/26\/revisions\/967"}],"wp:attachment":[{"href":"https:\/\/landsbygdspartiet.org\/uppsala\/wp-json\/wp\/v2\/media?parent=26"}],"curies":[{"name":"wp","href":"https:\/\/api.w.org\/{rel}","templated":true}]}}