{"id":860,"date":"2022-05-30T11:42:14","date_gmt":"2022-05-30T09:42:14","guid":{"rendered":"https:\/\/landsbygdspartiet.org\/uppsala\/?page_id=860"},"modified":"2025-06-09T12:28:50","modified_gmt":"2025-06-09T10:28:50","slug":"styrelsen","status":"publish","type":"page","link":"https:\/\/landsbygdspartiet.org\/uppsala\/styrelsen\/","title":{"rendered":"Styrelsen"},"content":{"rendered":"\t\t<div data-elementor-type=\"wp-page\" data-elementor-id=\"860\" class=\"elementor elementor-860\">\n\t\t\t\t\t\t<section class=\"elementor-section elementor-top-section elementor-element elementor-element-6986d106 elementor-section-boxed elementor-section-height-default elementor-section-height-default\" data-id=\"6986d106\" data-element_type=\"section\" data-e-type=\"section\" data-settings=\"{&quot;background_background&quot;:&quot;classic&quot;,&quot;shape_divider_bottom&quot;:&quot;triangle-asymmetrical&quot;}\">\n\t\t\t\t\t<div class=\"elementor-shape elementor-shape-bottom\" aria-hidden=\"true\" data-negative=\"false\">\n\t\t\t<svg xmlns=\"http:\/\/www.w3.org\/2000\/svg\" viewBox=\"0 0 1000 100\" preserveAspectRatio=\"none\">\n\t<path class=\"elementor-shape-fill\" d=\"M738,99l262-93V0H0v5.6L738,99z\"\/>\n<\/svg>\t\t<\/div>\n\t\t\t\t\t<div class=\"elementor-container elementor-column-gap-default\">\n\t\t\t\t\t<div class=\"elementor-column elementor-col-100 elementor-top-column elementor-element elementor-element-6f3819c9\" data-id=\"6f3819c9\" data-element_type=\"column\" data-e-type=\"column\">\n\t\t\t<div class=\"elementor-widget-wrap elementor-element-populated\">\n\t\t\t\t\t\t<div class=\"elementor-element elementor-element-f44c3df elementor-widget elementor-widget-heading\" data-id=\"f44c3df\" data-element_type=\"widget\" data-e-type=\"widget\" data-widget_type=\"heading.default\">\n\t\t\t\t<div class=\"elementor-widget-container\">\n\t\t\t\t\t<h1 class=\"elementor-heading-title elementor-size-xxl\">Styrelsen <\/h1>\t\t\t\t<\/div>\n\t\t\t\t<\/div>\n\t\t\t\t<div class=\"elementor-element elementor-element-4aa0e525 elementor-widget-divider--view-line elementor-widget elementor-widget-divider\" data-id=\"4aa0e525\" data-element_type=\"widget\" data-e-type=\"widget\" data-widget_type=\"divider.default\">\n\t\t\t\t<div class=\"elementor-widget-container\">\n\t\t\t\t\t\t\t<div class=\"elementor-divider\">\n\t\t\t<span class=\"elementor-divider-separator\">\n\t\t\t\t\t\t<\/span>\n\t\t<\/div>\n\t\t\t\t\t\t<\/div>\n\t\t\t\t<\/div>\n\t\t\t\t\t<\/div>\n\t\t<\/div>\n\t\t\t\t\t<\/div>\n\t\t<\/section>\n\t\t\t\t<section class=\"elementor-section elementor-top-section elementor-element elementor-element-2baa2ee0 elementor-section-boxed elementor-section-height-default elementor-section-height-default\" data-id=\"2baa2ee0\" data-element_type=\"section\" data-e-type=\"section\">\n\t\t\t\t\t\t<div class=\"elementor-container elementor-column-gap-default\">\n\t\t\t\t\t<div class=\"elementor-column elementor-col-50 elementor-top-column elementor-element elementor-element-72f66afa\" data-id=\"72f66afa\" data-element_type=\"column\" data-e-type=\"column\">\n\t\t\t<div class=\"elementor-widget-wrap elementor-element-populated\">\n\t\t\t\t\t\t<div class=\"elementor-element elementor-element-dc367e1 elementor-widget elementor-widget-text-editor\" data-id=\"dc367e1\" data-element_type=\"widget\" data-e-type=\"widget\" data-widget_type=\"text-editor.default\">\n\t\t\t\t<div class=\"elementor-widget-container\">\n\t\t\t\t\t\t\t\t\t<p><strong>Styrelsen Landsbygdspartiet oberoende Uppsala kommun&nbsp;<\/strong><\/p>\n<p>Ordf\u00f6rande:&nbsp; Vakant<\/p>\n<p>Vice ordf\u00f6rande: Vakant<\/p>\n<p>Sekreterare: Vakant<\/p>\n<p>Kass\u00f6r: Vakant<\/p>\n<p>Ledam\u00f6ter: Vakant<\/p>\n<p>Suppleanter: Vakant<\/p>\n<p>Kontakta RIKS via denna<a href=\"mailto:webmaster@landsbygdspartiet.org\"> <\/a><a href=\"https:\/\/landsbygdspartiet.org\/kontakt\/\">L\u00c4NK<\/a><\/p>\t\t\t\t\t\t\t\t<\/div>\n\t\t\t\t<\/div>\n\t\t\t\t\t<\/div>\n\t\t<\/div>\n\t\t\t\t<div class=\"elementor-column elementor-col-50 elementor-top-column elementor-element elementor-element-5e917d7\" data-id=\"5e917d7\" data-element_type=\"column\" data-e-type=\"column\">\n\t\t\t<div class=\"elementor-widget-wrap\">\n\t\t\t\t\t\t\t<\/div>\n\t\t<\/div>\n\t\t\t\t\t<\/div>\n\t\t<\/section>\n\t\t\t\t<\/div>\n\t\t","protected":false},"excerpt":{"rendered":"<p>Styrelsen Styrelsen Landsbygdspartiet oberoende Uppsala kommun&nbsp; Ordf\u00f6rande:&nbsp; Vakant Vice ordf\u00f6rande: Vakant Sekreterare: Vakant Kass\u00f6r: Vakant Ledam\u00f6ter: Vakant Suppleanter: Vakant Kontakta RIKS via denna L\u00c4NK<\/p>\n","protected":false},"author":1,"featured_media":0,"parent":0,"menu_order":0,"comment_status":"closed","ping_status":"closed","template":"","meta":{"_monsterinsights_skip_tracking":false,"_monsterinsights_sitenote_active":false,"_monsterinsights_sitenote_note":"","_monsterinsights_sitenote_category":0,"site-sidebar-layout":"no-sidebar","site-content-layout":"page-builder","ast-site-content-layout":"default","site-content-style":"default","site-sidebar-style":"default","ast-global-header-display":"","ast-banner-title-visibility":"","ast-main-header-display":"","ast-hfb-above-header-display":"","ast-hfb-below-header-display":"","ast-hfb-mobile-header-display":"","site-post-title":"disabled","ast-breadcrumbs-content":"","ast-featured-img":"disabled","footer-sml-layout":"","ast-disable-related-posts":"","theme-transparent-header-meta":"","adv-header-id-meta":"","stick-header-meta":"","header-above-stick-meta":"","header-main-stick-meta":"","header-below-stick-meta":"","astra-migrate-meta-layouts":"default","ast-page-background-enabled":"default","ast-page-background-meta":{"desktop":{"background-color":"var(--ast-global-color-4)","background-image":"","background-repeat":"repeat","background-position":"center center","background-size":"auto","background-attachment":"scroll","background-type":"","background-media":"","overlay-type":"","overlay-color":"","overlay-opacity":"","overlay-gradient":""},"tablet":{"background-color":"","background-image":"","background-repeat":"repeat","background-position":"center center","background-size":"auto","background-attachment":"scroll","background-type":"","background-media":"","overlay-type":"","overlay-color":"","overlay-opacity":"","overlay-gradient":""},"mobile":{"background-color":"","background-image":"","background-repeat":"repeat","background-position":"center center","background-size":"auto","background-attachment":"scroll","background-type":"","background-media":"","overlay-type":"","overlay-color":"","overlay-opacity":"","overlay-gradient":""}},"ast-content-background-meta":{"desktop":{"background-color":"var(--ast-global-color-5)","background-image":"","background-repeat":"repeat","background-position":"center center","background-size":"auto","background-attachment":"scroll","background-type":"","background-media":"","overlay-type":"","overlay-color":"","overlay-opacity":"","overlay-gradient":""},"tablet":{"background-color":"var(--ast-global-color-5)","background-image":"","background-repeat":"repeat","background-position":"center center","background-size":"auto","background-attachment":"scroll","background-type":"","background-media":"","overlay-type":"","overlay-color":"","overlay-opacity":"","overlay-gradient":""},"mobile":{"background-color":"var(--ast-global-color-5)","background-image":"","background-repeat":"repeat","background-position":"center center","background-size":"auto","background-attachment":"scroll","background-type":"","background-media":"","overlay-type":"","overlay-color":"","overlay-opacity":"","overlay-gradient":""}},"footnotes":""},"class_list":["post-860","page","type-page","status-publish","hentry"],"yoast_head":"<!-- This site is optimized with the Yoast SEO plugin v27.4 - https:\/\/yoast.com\/product\/yoast-seo-wordpress\/ -->\n<title>Styrelsen - Landsbygdspartiet oberoende Uppsala<\/title>\n<meta name=\"robots\" content=\"index, follow, max-snippet:-1, max-image-preview:large, max-video-preview:-1\" \/>\n<link rel=\"canonical\" href=\"https:\/\/landsbygdspartiet.org\/uppsala\/styrelsen\/\" \/>\n<meta property=\"og:locale\" content=\"sv_SE\" \/>\n<meta property=\"og:type\" content=\"article\" \/>\n<meta property=\"og:title\" content=\"Styrelsen - Landsbygdspartiet oberoende Uppsala\" \/>\n<meta property=\"og:description\" content=\"Styrelsen Styrelsen Landsbygdspartiet oberoende Uppsala kommun&nbsp; Ordf\u00f6rande:&nbsp; Vakant Vice ordf\u00f6rande: Vakant Sekreterare: Vakant Kass\u00f6r: Vakant Ledam\u00f6ter: Vakant Suppleanter: Vakant Kontakta RIKS via denna L\u00c4NK\" \/>\n<meta property=\"og:url\" content=\"https:\/\/landsbygdspartiet.org\/uppsala\/styrelsen\/\" \/>\n<meta property=\"og:site_name\" content=\"Landsbygdspartiet oberoende Uppsala\" \/>\n<meta property=\"article:modified_time\" content=\"2025-06-09T10:28:50+00:00\" \/>\n<meta name=\"twitter:card\" content=\"summary_large_image\" \/>\n<meta name=\"twitter:label1\" content=\"Ber\u00e4knad l\u00e4stid\" \/>\n\t<meta name=\"twitter:data1\" content=\"1 minut\" \/>\n<script type=\"application\/ld+json\" class=\"yoast-schema-graph\">{\"@context\":\"https:\\\/\\\/schema.org\",\"@graph\":[{\"@type\":\"WebPage\",\"@id\":\"https:\\\/\\\/landsbygdspartiet.org\\\/uppsala\\\/styrelsen\\\/\",\"url\":\"https:\\\/\\\/landsbygdspartiet.org\\\/uppsala\\\/styrelsen\\\/\",\"name\":\"Styrelsen - Landsbygdspartiet oberoende Uppsala\",\"isPartOf\":{\"@id\":\"https:\\\/\\\/landsbygdspartiet.org\\\/uppsala\\\/#website\"},\"datePublished\":\"2022-05-30T09:42:14+00:00\",\"dateModified\":\"2025-06-09T10:28:50+00:00\",\"breadcrumb\":{\"@id\":\"https:\\\/\\\/landsbygdspartiet.org\\\/uppsala\\\/styrelsen\\\/#breadcrumb\"},\"inLanguage\":\"sv-SE\",\"potentialAction\":[{\"@type\":\"ReadAction\",\"target\":[\"https:\\\/\\\/landsbygdspartiet.org\\\/uppsala\\\/styrelsen\\\/\"]}]},{\"@type\":\"BreadcrumbList\",\"@id\":\"https:\\\/\\\/landsbygdspartiet.org\\\/uppsala\\\/styrelsen\\\/#breadcrumb\",\"itemListElement\":[{\"@type\":\"ListItem\",\"position\":1,\"name\":\"Hem\",\"item\":\"https:\\\/\\\/landsbygdspartiet.org\\\/uppsala\\\/\"},{\"@type\":\"ListItem\",\"position\":2,\"name\":\"Styrelsen\"}]},{\"@type\":\"WebSite\",\"@id\":\"https:\\\/\\\/landsbygdspartiet.org\\\/uppsala\\\/#website\",\"url\":\"https:\\\/\\\/landsbygdspartiet.org\\\/uppsala\\\/\",\"name\":\"Landsbygdspartiet oberoende Uppsala\",\"description\":\"\u00c4nnu en webbplats hos Mina webbplatser\",\"potentialAction\":[{\"@type\":\"SearchAction\",\"target\":{\"@type\":\"EntryPoint\",\"urlTemplate\":\"https:\\\/\\\/landsbygdspartiet.org\\\/uppsala\\\/?s={search_term_string}\"},\"query-input\":{\"@type\":\"PropertyValueSpecification\",\"valueRequired\":true,\"valueName\":\"search_term_string\"}}],\"inLanguage\":\"sv-SE\"}]}<\/script>\n<!-- \/ Yoast SEO plugin. -->","yoast_head_json":{"title":"Styrelsen - Landsbygdspartiet oberoende Uppsala","robots":{"index":"index","follow":"follow","max-snippet":"max-snippet:-1","max-image-preview":"max-image-preview:large","max-video-preview":"max-video-preview:-1"},"canonical":"https:\/\/landsbygdspartiet.org\/uppsala\/styrelsen\/","og_locale":"sv_SE","og_type":"article","og_title":"Styrelsen - Landsbygdspartiet oberoende Uppsala","og_description":"Styrelsen Styrelsen Landsbygdspartiet oberoende Uppsala kommun&nbsp; Ordf\u00f6rande:&nbsp; Vakant Vice ordf\u00f6rande: Vakant Sekreterare: Vakant Kass\u00f6r: Vakant Ledam\u00f6ter: Vakant Suppleanter: Vakant Kontakta RIKS via denna L\u00c4NK","og_url":"https:\/\/landsbygdspartiet.org\/uppsala\/styrelsen\/","og_site_name":"Landsbygdspartiet oberoende Uppsala","article_modified_time":"2025-06-09T10:28:50+00:00","twitter_card":"summary_large_image","twitter_misc":{"Ber\u00e4knad l\u00e4stid":"1 minut"},"schema":{"@context":"https:\/\/schema.org","@graph":[{"@type":"WebPage","@id":"https:\/\/landsbygdspartiet.org\/uppsala\/styrelsen\/","url":"https:\/\/landsbygdspartiet.org\/uppsala\/styrelsen\/","name":"Styrelsen - Landsbygdspartiet oberoende Uppsala","isPartOf":{"@id":"https:\/\/landsbygdspartiet.org\/uppsala\/#website"},"datePublished":"2022-05-30T09:42:14+00:00","dateModified":"2025-06-09T10:28:50+00:00","breadcrumb":{"@id":"https:\/\/landsbygdspartiet.org\/uppsala\/styrelsen\/#breadcrumb"},"inLanguage":"sv-SE","potentialAction":[{"@type":"ReadAction","target":["https:\/\/landsbygdspartiet.org\/uppsala\/styrelsen\/"]}]},{"@type":"BreadcrumbList","@id":"https:\/\/landsbygdspartiet.org\/uppsala\/styrelsen\/#breadcrumb","itemListElement":[{"@type":"ListItem","position":1,"name":"Hem","item":"https:\/\/landsbygdspartiet.org\/uppsala\/"},{"@type":"ListItem","position":2,"name":"Styrelsen"}]},{"@type":"WebSite","@id":"https:\/\/landsbygdspartiet.org\/uppsala\/#website","url":"https:\/\/landsbygdspartiet.org\/uppsala\/","name":"Landsbygdspartiet oberoende Uppsala","description":"\u00c4nnu en webbplats hos Mina webbplatser","potentialAction":[{"@type":"SearchAction","target":{"@type":"EntryPoint","urlTemplate":"https:\/\/landsbygdspartiet.org\/uppsala\/?s={search_term_string}"},"query-input":{"@type":"PropertyValueSpecification","valueRequired":true,"valueName":"search_term_string"}}],"inLanguage":"sv-SE"}]}},"_links":{"self":[{"href":"https:\/\/landsbygdspartiet.org\/uppsala\/wp-json\/wp\/v2\/pages\/860","targetHints":{"allow":["GET"]}}],"collection":[{"href":"https:\/\/landsbygdspartiet.org\/uppsala\/wp-json\/wp\/v2\/pages"}],"about":[{"href":"https:\/\/landsbygdspartiet.org\/uppsala\/wp-json\/wp\/v2\/types\/page"}],"author":[{"embeddable":true,"href":"https:\/\/landsbygdspartiet.org\/uppsala\/wp-json\/wp\/v2\/users\/1"}],"replies":[{"embeddable":true,"href":"https:\/\/landsbygdspartiet.org\/uppsala\/wp-json\/wp\/v2\/comments?post=860"}],"version-history":[{"count":14,"href":"https:\/\/landsbygdspartiet.org\/uppsala\/wp-json\/wp\/v2\/pages\/860\/revisions"}],"predecessor-version":[{"id":1046,"href":"https:\/\/landsbygdspartiet.org\/uppsala\/wp-json\/wp\/v2\/pages\/860\/revisions\/1046"}],"wp:attachment":[{"href":"https:\/\/landsbygdspartiet.org\/uppsala\/wp-json\/wp\/v2\/media?parent=860"}],"curies":[{"name":"wp","href":"https:\/\/api.w.org\/{rel}","templated":true}]}}